{"id":165,"date":"2014-09-01T06:05:35","date_gmt":"2014-09-01T05:05:35","guid":{"rendered":"http:\/\/pensalla.cat\/?page_id=165"},"modified":"2015-12-06T20:36:14","modified_gmt":"2015-12-06T19:36:14","slug":"linternauta","status":"publish","type":"page","link":"https:\/\/pensalla.cat\/?page_id=165","title":{"rendered":"l&#8217;internauta"},"content":{"rendered":"<div style=\"padding-top:0px;\t\r\npadding-right:0px;\r\npadding-bottom:0px;\r\npadding-left:0px;\r\nmargin-top:0px;\r\nmargin-right:0px;\r\nmargin-bottom:0px;\r\nmargin-left:0px;\"><a href=\"https:\/\/twitter.com\/share\" class=\"twitter-share-button\" \r\n\t\t\t\t        data-url=\"https:\/\/pensalla.cat\/?page_id=165\" \r\n\t\t\t\t        data-via=\"jjofra\"\r\n\t\t\t\t\t    data-text=\"l'internauta\"\r\n\t\t\t\t\t    data-related=\"\"\r\n\t\t\t\t\t    data-count=\"none\"\r\n\t\t\t\t\t    data-hashtags=\"\"\r\n\t\t\t\t\t    data-lang=\"autoLANGauto\"\r\n\t\t\t\t\t    data-counturl=\"pensalla.cat\"\r\n\t\t\t\t\t    data-size=\"medium\"\r\n\t\t\t\t\t    data-dnt=\"false\"\t> Tweet <\/a> <\/div>\r\n\t\t                <script>\r\n\t\t\t\t\t    !function(d,s,id) {\r\n\t\t\t\t\t      var js,fjs=d.getElementsByTagName(s)[0];\r\n\t\t\t\t\t      if(!d.getElementById(id)) {\r\n\t\t\t\t\t       js=d.createElement(s);js.id=id;js.src=\"https:\/\/platform.twitter.com\/widgets.js\";fjs.parentNode.insertBefore(js,fjs);\r\n\t\t\t\t\t      }\r\n\t\t\t\t\t    }\r\n\t\t\t\t\t   (document,\"script\",\"twitter-wjs\");\r\n\t\t\t\t\t    <\/script><div class=\"entradeta\">\n<p>L&#8217;<a href=\"http:\/\/www.linternauta.cat\/\" target=\"_blank\">Internauta<\/a>, el programa m\u00e9s veter\u00e0 sobre internet i les noves tecnologies, engegat per Jordi Vendrell el 1995 a Catalunya R\u00e0dio.<\/p>\n<p>L&#8217;Internauta es va emetre del 1995 al 2010 en la sintonia de Catalunya R\u00e0dio, condu\u00eft per Jordi Vendrell i, despr\u00e9s de la seva mort, per Vicent Partal.<\/p>\n<p>Des del setembre del 2010 s&#8217;emet en podcast des de <a href=\"http:\/\/vilaweb.cat\" target=\"_blank\">VilaWeb<\/a>\u00a0(podeu anar a l&#8217;<a href=\"https:\/\/itunes.apple.com\/es\/podcast\/linternauta-vilaweb\/id392284769?ign-mpt=uo=4\" target=\"_blank\">iTunes<\/a> per subscrivir-vos al podcast)\u00a0\u00a0i\u00a0per una trentena de r\u00e0dios locals de tots els Pa\u00efsos Catalans (vegeu la <a href=\"http:\/\/www.vilaweb.cat\/noticia\/4063356\/20121210\/linternauta-emissores-locals.html\" target=\"_blank\">llista<\/a>).\u00a0Si voleu emetre l&#8217;Internauta des d&#8217;alguna altra emissora de r\u00e0dio, en teniu prou de posar-vos en contacte amb redaccio@vilaweb.cat<\/p>\n<p>Des del setembre del 2012\u00a0tamb\u00e9 pel centenar d&#8217;emissores que formen\u00a0<a href=\"http:\/\/www.xarxaradio.cat\/\" target=\"_blank\">Xarxa R\u00e0dio<\/a>\u00a0(l&#8217;antiga COM R\u00e0dio).<\/p>\n<p>I des de l&#8217;abril del 2014, al\u00a0<a href=\"http:\/\/www.elpuntavui.tv\" target=\"_blank\">Punt Avui TV,<\/a>\u00a0cada diumenge a les cinc\u00a0de la tarda.<\/p>\n<p>&nbsp;<\/p>\n<\/div>\n<div style=\"padding-top:0px;\t\r\npadding-right:0px;\r\npadding-bottom:0px;\r\npadding-left:0px;\r\nmargin-top:0px;\r\nmargin-right:0px;\r\nmargin-bottom:0px;\r\nmargin-left:0px;\"><a href=\"https:\/\/twitter.com\/share\" class=\"twitter-share-button\" \r\n\t\t\t\t        data-url=\"https:\/\/pensalla.cat\/?page_id=165\" \r\n\t\t\t\t        data-via=\"jjofra\"\r\n\t\t\t\t\t    data-text=\"l'internauta\"\r\n\t\t\t\t\t    data-related=\"\"\r\n\t\t\t\t\t    data-count=\"none\"\r\n\t\t\t\t\t    data-hashtags=\"\"\r\n\t\t\t\t\t    data-lang=\"autoLANGauto\"\r\n\t\t\t\t\t    data-counturl=\"pensalla.cat\"\r\n\t\t\t\t\t    data-size=\"medium\"\r\n\t\t\t\t\t    data-dnt=\"false\"\t> Tweet <\/a> <\/div>\r\n\t\t                <script>\r\n\t\t\t\t\t    !function(d,s,id) {\r\n\t\t\t\t\t      var js,fjs=d.getElementsByTagName(s)[0];\r\n\t\t\t\t\t      if(!d.getElementById(id)) {\r\n\t\t\t\t\t       js=d.createElement(s);js.id=id;js.src=\"https:\/\/platform.twitter.com\/widgets.js\";fjs.parentNode.insertBefore(js,fjs);\r\n\t\t\t\t\t      }\r\n\t\t\t\t\t    }\r\n\t\t\t\t\t   (document,\"script\",\"twitter-wjs\");\r\n\t\t\t\t\t    <\/script>","protected":false},"excerpt":{"rendered":"<p>Tweet L&#8217;Internauta, el programa m\u00e9s veter\u00e0 sobre internet i les noves tecnologies, engegat per Jordi Vendrell el 1995 a Catalunya R\u00e0dio. L&#8217;Internauta es va emetre del 1995 al 2010 en la sintonia de Catalunya R\u00e0dio, condu\u00eft per Jordi Vendrell i,<span class=\"ellipsis\">&hellip;<\/span><\/p>\n<div class=\"read-more\"><a href=\"https:\/\/pensalla.cat\/?page_id=165\">Read more <span class=\"screen-reader-text\">l&#8217;internauta<\/span><span class=\"meta-nav\"> &#8250;<\/span><\/a><\/div>\n<p><!-- end of .read-more --><\/p>\n","protected":false},"author":1,"featured_media":0,"parent":0,"menu_order":15,"comment_status":"open","ping_status":"open","template":"","meta":{"_exactmetrics_skip_tracking":false,"_exactmetrics_sitenote_active":false,"_exactmetrics_sitenote_note":"","_exactmetrics_sitenote_category":0,"jetpack_post_was_ever_published":false,"footnotes":""},"class_list":["post-165","page","type-page","status-publish","hentry"],"aioseo_notices":[],"jetpack_sharing_enabled":true,"_links":{"self":[{"href":"https:\/\/pensalla.cat\/index.php?rest_route=\/wp\/v2\/pages\/165","targetHints":{"allow":["GET"]}}],"collection":[{"href":"https:\/\/pensalla.cat\/index.php?rest_route=\/wp\/v2\/pages"}],"about":[{"href":"https:\/\/pensalla.cat\/index.php?rest_route=\/wp\/v2\/types\/page"}],"author":[{"embeddable":true,"href":"https:\/\/pensalla.cat\/index.php?rest_route=\/wp\/v2\/users\/1"}],"replies":[{"embeddable":true,"href":"https:\/\/pensalla.cat\/index.php?rest_route=%2Fwp%2Fv2%2Fcomments&post=165"}],"version-history":[{"count":0,"href":"https:\/\/pensalla.cat\/index.php?rest_route=\/wp\/v2\/pages\/165\/revisions"}],"wp:attachment":[{"href":"https:\/\/pensalla.cat\/index.php?rest_route=%2Fwp%2Fv2%2Fmedia&parent=165"}],"curies":[{"name":"wp","href":"https:\/\/api.w.org\/{rel}","templated":true}]}}